{"id":693,"date":"2022-05-09T16:35:25","date_gmt":"2022-05-09T16:35:25","guid":{"rendered":"https:\/\/charlottaekman.com\/?page_id=693"},"modified":"2023-10-12T08:48:27","modified_gmt":"2023-10-12T08:48:27","slug":"seksuaalikasvatus","status":"publish","type":"page","link":"https:\/\/charlottaekman.com\/index.php\/seksuaalikasvatus\/","title":{"rendered":"Seksuaalikasvatus"},"content":{"rendered":"\t\t<div data-elementor-type=\"wp-page\" data-elementor-id=\"693\" class=\"elementor elementor-693\">\n\t\t\t\t\t\t<section class=\"elementor-section elementor-top-section elementor-element elementor-element-66730654 elementor-section-height-min-height elementor-section-boxed elementor-section-height-default elementor-section-items-middle\" data-id=\"66730654\" data-element_type=\"section\" data-settings=\"{&quot;background_background&quot;:&quot;classic&quot;}\">\n\t\t\t\t\t\t\t<div class=\"elementor-background-overlay\"><\/div>\n\t\t\t\t\t\t\t<div class=\"elementor-container elementor-column-gap-no\">\n\t\t\t\t\t<div class=\"elementor-column elementor-col-100 elementor-top-column elementor-element elementor-element-2aaa77e8\" data-id=\"2aaa77e8\" data-element_type=\"column\">\n\t\t\t<div class=\"elementor-widget-wrap elementor-element-populated\">\n\t\t\t\t\t\t<div class=\"elementor-element elementor-element-27657f46 elementor-widget elementor-widget-heading\" data-id=\"27657f46\" data-element_type=\"widget\" data-widget_type=\"heading.default\">\n\t\t\t\t<div class=\"elementor-widget-container\">\n\t\t\t<h1 class=\"elementor-heading-title elementor-size-default\">Seksuaali-<br>kasvatus<\/h1>\t\t<\/div>\n\t\t\t\t<\/div>\n\t\t\t\t\t<\/div>\n\t\t<\/div>\n\t\t\t\t\t<\/div>\n\t\t<\/section>\n\t\t\t\t<section class=\"elementor-section elementor-top-section elementor-element elementor-element-fcdd7d1 elementor-section-boxed elementor-section-height-default elementor-section-height-default\" data-id=\"fcdd7d1\" data-element_type=\"section\">\n\t\t\t\t\t\t<div class=\"elementor-container elementor-column-gap-default\">\n\t\t\t\t\t<div class=\"elementor-column elementor-col-50 elementor-top-column elementor-element elementor-element-720a09c\" data-id=\"720a09c\" data-element_type=\"column\">\n\t\t\t<div class=\"elementor-widget-wrap elementor-element-populated\">\n\t\t\t\t\t\t<div class=\"elementor-element elementor-element-ed6af78 elementor-widget elementor-widget-text-editor\" data-id=\"ed6af78\" data-element_type=\"widget\" data-widget_type=\"text-editor.default\">\n\t\t\t\t<div class=\"elementor-widget-container\">\n\t\t\t\t\t\t\t<p><span style=\"font-weight: 400;\">Meill\u00e4 kaikilla on oikeus saada monipuolista, kokonaisvaltaista ja oikeaan tietoon perustuvaa seksuaalikasvatusta. Vaikka seksuaalikasvatuksen ajatellaan usein koskevan l\u00e4hinn\u00e4 yl\u00e4kouluik\u00e4isi\u00e4 nuoria, seksuaalisuuden teemat koskettavat meit\u00e4 jokaista aina kehdosta keinutuoliin saakka. Kyse on pitk\u00e4j\u00e4nteisest\u00e4 toiminnasta. Siksi tarjoan seksuaalikasvatusta kaikille ik\u00e4ryhmille sek\u00e4 esimerkiksi sote- ja kasvatusalan ammattilaisille.\u00a0<\/span><\/p><p><span style=\"font-weight: 400;\">Olen kouluttautunut seksuaalikasvattajaksi Sexpolla vuonna 2021. Haluan tehd\u00e4 t\u00f6it\u00e4 inklusiivisemman ja kokonaisvaltaisemman seksuaalikasvatuksen eteen. Kasvatan, luennoin ja koulutan positiivisella l\u00e4hestymistavalla nautintoon, yksil\u00f6llisyyteen ja itsem\u00e4\u00e4r\u00e4\u00e4misoikeuteen. Noudatan alaik\u00e4isten kanssa toimiessa <\/span><a href=\"https:\/\/www.julkari.fi\/bitstream\/handle\/10024\/80220\/039844e2-c540-4e81-834e-6f11e0218246.pdf?sequence=1&amp;isAllowed=y\"><span style=\"font-weight: 400;\">Euroopan seksuaalikasvatuksen standardeja.<\/span><\/a><\/p><p><br style=\"font-weight: 400;\" \/><br style=\"font-weight: 400;\" \/><\/p>\t\t\t\t\t\t<\/div>\n\t\t\t\t<\/div>\n\t\t\t\t<div class=\"elementor-element elementor-element-dce8937 elementor-widget elementor-widget-image\" data-id=\"dce8937\" data-element_type=\"widget\" data-widget_type=\"image.default\">\n\t\t\t\t<div class=\"elementor-widget-container\">\n\t\t\t\t\t\t\t\t\t\t\t\t\t<img fetchpriority=\"high\" decoding=\"async\" width=\"1024\" height=\"576\" src=\"https:\/\/charlottaekman.com\/wp-content\/uploads\/2022\/07\/Seksuaalikasvatuksen-osa-alueet-2-1024x576.png\" class=\"attachment-large size-large wp-image-1154\" alt=\"\" srcset=\"https:\/\/charlottaekman.com\/wp-content\/uploads\/2022\/07\/Seksuaalikasvatuksen-osa-alueet-2-1024x576.png 1024w, https:\/\/charlottaekman.com\/wp-content\/uploads\/2022\/07\/Seksuaalikasvatuksen-osa-alueet-2-300x169.png 300w, https:\/\/charlottaekman.com\/wp-content\/uploads\/2022\/07\/Seksuaalikasvatuksen-osa-alueet-2-768x432.png 768w, https:\/\/charlottaekman.com\/wp-content\/uploads\/2022\/07\/Seksuaalikasvatuksen-osa-alueet-2-1536x864.png 1536w, https:\/\/charlottaekman.com\/wp-content\/uploads\/2022\/07\/Seksuaalikasvatuksen-osa-alueet-2.png 1920w\" sizes=\"(max-width: 1024px) 100vw, 1024px\" \/>\t\t\t\t\t\t\t\t\t\t\t\t\t<\/div>\n\t\t\t\t<\/div>\n\t\t\t\t\t<\/div>\n\t\t<\/div>\n\t\t\t\t<div class=\"elementor-column elementor-col-50 elementor-top-column elementor-element elementor-element-5aa1584 elementor-hidden-mobile\" data-id=\"5aa1584\" data-element_type=\"column\" data-settings=\"{&quot;background_background&quot;:&quot;classic&quot;}\">\n\t\t\t<div class=\"elementor-widget-wrap\">\n\t\t\t\t\t\t\t<\/div>\n\t\t<\/div>\n\t\t\t\t\t<\/div>\n\t\t<\/section>\n\t\t\t\t<section class=\"elementor-section elementor-top-section elementor-element elementor-element-f9e8bc7 elementor-section-boxed elementor-section-height-default elementor-section-height-default\" data-id=\"f9e8bc7\" data-element_type=\"section\">\n\t\t\t\t\t\t<div class=\"elementor-container elementor-column-gap-default\">\n\t\t\t\t\t<div class=\"elementor-column elementor-col-100 elementor-top-column elementor-element elementor-element-47a91a8\" data-id=\"47a91a8\" data-element_type=\"column\">\n\t\t\t<div class=\"elementor-widget-wrap elementor-element-populated\">\n\t\t\t\t\t\t<div class=\"elementor-element elementor-element-402f36b elementor-widget elementor-widget-text-editor\" data-id=\"402f36b\" data-element_type=\"widget\" data-widget_type=\"text-editor.default\">\n\t\t\t\t<div class=\"elementor-widget-container\">\n\t\t\t\t\t\t\t<p><span style=\"font-weight: 400;\">Luennot, koulutukset, asiantuntijapuheenvuorot ja muut tuokiot onnistuvat et\u00e4n\u00e4 minne p\u00e4in maailmaa tahansa suomeksi ja englanniksi. Luennot paikan p\u00e4\u00e4ll\u00e4 ensisijaisesti Pohjanmaan ja Etel\u00e4-Pohjanmaan alueella, kauemmaskin tulen mielell\u00e4ni matkakulut huomioiden.\u00a0<\/span><\/p><p>Seksuaalikasvatuksen s\u00e4hk\u00f6postivastauksen avulla voit kysy\u00e4 mit\u00e4 tahansa seksuaalikasvatukseen liittyv\u00e4\u00e4, ja min\u00e4 autan sinua tarjoamalla tietoa sek\u00e4 vinkkej\u00e4 pohtimaasi seksuaalikasvatustilannetta tai -kysymyst\u00e4 varten.\u00a0Valitessasi s\u00e4hk\u00f6postivastauksen saat monipuolisen ja laajan vastauksen kysymykseesi kahden viikon kuluessa kysymyksen j\u00e4tt\u00e4misest\u00e4.<\/p><p><br style=\"font-weight: 400;\" \/><br style=\"font-weight: 400;\" \/><\/p>\t\t\t\t\t\t<\/div>\n\t\t\t\t<\/div>\n\t\t\t\t<div class=\"elementor-element elementor-element-9327a73 elementor-widget-divider--view-line elementor-widget elementor-widget-divider\" data-id=\"9327a73\" data-element_type=\"widget\" data-widget_type=\"divider.default\">\n\t\t\t\t<div class=\"elementor-widget-container\">\n\t\t\t\t\t<div class=\"elementor-divider\">\n\t\t\t<span class=\"elementor-divider-separator\">\n\t\t\t\t\t\t<\/span>\n\t\t<\/div>\n\t\t\t\t<\/div>\n\t\t\t\t<\/div>\n\t\t\t\t<div class=\"elementor-element elementor-element-d0199b8 elementor-widget elementor-widget-heading\" data-id=\"d0199b8\" data-element_type=\"widget\" data-widget_type=\"heading.default\">\n\t\t\t\t<div class=\"elementor-widget-container\">\n\t\t\t<h2 class=\"elementor-heading-title elementor-size-default\">Hinnasto<\/h2>\t\t<\/div>\n\t\t\t\t<\/div>\n\t\t\t\t\t<\/div>\n\t\t<\/div>\n\t\t\t\t\t<\/div>\n\t\t<\/section>\n\t\t\t\t<section class=\"elementor-section elementor-top-section elementor-element elementor-element-1ad19e09 elementor-section-boxed elementor-section-height-default elementor-section-height-default\" data-id=\"1ad19e09\" data-element_type=\"section\">\n\t\t\t\t\t\t<div class=\"elementor-container elementor-column-gap-default\">\n\t\t\t\t\t<div class=\"elementor-column elementor-col-50 elementor-top-column elementor-element elementor-element-2e716e03\" data-id=\"2e716e03\" data-element_type=\"column\" data-settings=\"{&quot;background_background&quot;:&quot;classic&quot;}\">\n\t\t\t<div class=\"elementor-widget-wrap elementor-element-populated\">\n\t\t\t\t\t\t<div class=\"elementor-element elementor-element-7ae811f8 elementor-widget elementor-widget-heading\" data-id=\"7ae811f8\" data-element_type=\"widget\" data-widget_type=\"heading.default\">\n\t\t\t\t<div class=\"elementor-widget-container\">\n\t\t\t<h3 class=\"elementor-heading-title elementor-size-default\">Seksuaalikasvatus<\/h3>\t\t<\/div>\n\t\t\t\t<\/div>\n\t\t\t\t<div class=\"elementor-element elementor-element-6b588b82 elementor-widget elementor-widget-heading\" data-id=\"6b588b82\" data-element_type=\"widget\" data-widget_type=\"heading.default\">\n\t\t\t\t<div class=\"elementor-widget-container\">\n\t\t\t<h4 class=\"elementor-heading-title elementor-size-default\">Luennot, koulutukset, asiantuntija- puheenvuorot ja konsultaatiot<\/h4>\t\t<\/div>\n\t\t\t\t<\/div>\n\t\t\t\t<div class=\"elementor-element elementor-element-1b271bf7 elementor-widget elementor-widget-heading\" data-id=\"1b271bf7\" data-element_type=\"widget\" data-widget_type=\"heading.default\">\n\t\t\t\t<div class=\"elementor-widget-container\">\n\t\t\t<h3 class=\"elementor-heading-title elementor-size-default\">Pyyd\u00e4 r\u00e4\u00e4t\u00e4l\u00f6ity tarjous!<\/h3>\t\t<\/div>\n\t\t\t\t<\/div>\n\t\t\t\t<div class=\"elementor-element elementor-element-34c431b5 elementor-widget elementor-widget-text-editor\" data-id=\"34c431b5\" data-element_type=\"widget\" data-widget_type=\"text-editor.default\">\n\t\t\t\t<div class=\"elementor-widget-container\">\n\t\t\t\t\t\t\t<p>Kerro lis\u00e4\u00e4 toiveistanne ja teen teille tarjouksen!<\/p>\t\t\t\t\t\t<\/div>\n\t\t\t\t<\/div>\n\t\t\t\t<div class=\"elementor-element elementor-element-276241e9 elementor-align-left elementor-widget elementor-widget-button\" data-id=\"276241e9\" data-element_type=\"widget\" data-widget_type=\"button.default\">\n\t\t\t\t<div class=\"elementor-widget-container\">\n\t\t\t\t\t\t\t<div class=\"elementor-button-wrapper\">\n\t\t\t\t\t<a class=\"elementor-button elementor-button-link elementor-size-sm\" href=\"https:\/\/charlottaekman.com\/index.php\/otayhteytta\/\">\n\t\t\t\t\t\t<span class=\"elementor-button-content-wrapper\">\n\t\t\t\t\t\t\t\t\t<span class=\"elementor-button-text\">OTA YHTEYTT\u00c4<\/span>\n\t\t\t\t\t<\/span>\n\t\t\t\t\t<\/a>\n\t\t\t\t<\/div>\n\t\t\t\t\t\t<\/div>\n\t\t\t\t<\/div>\n\t\t\t\t\t<\/div>\n\t\t<\/div>\n\t\t\t\t<div class=\"elementor-column elementor-col-50 elementor-top-column elementor-element elementor-element-29393986\" data-id=\"29393986\" data-element_type=\"column\" data-settings=\"{&quot;background_background&quot;:&quot;classic&quot;}\">\n\t\t\t<div class=\"elementor-widget-wrap elementor-element-populated\">\n\t\t\t\t\t\t<div class=\"elementor-element elementor-element-33d2c8f6 elementor-widget elementor-widget-heading\" data-id=\"33d2c8f6\" data-element_type=\"widget\" data-widget_type=\"heading.default\">\n\t\t\t\t<div class=\"elementor-widget-container\">\n\t\t\t<h3 class=\"elementor-heading-title elementor-size-default\">Seksuaalikasvatus<\/h3>\t\t<\/div>\n\t\t\t\t<\/div>\n\t\t\t\t<div class=\"elementor-element elementor-element-232109f6 elementor-widget elementor-widget-heading\" data-id=\"232109f6\" data-element_type=\"widget\" data-widget_type=\"heading.default\">\n\t\t\t\t<div class=\"elementor-widget-container\">\n\t\t\t<h4 class=\"elementor-heading-title elementor-size-default\">Kirjallinen s\u00e4hk\u00f6posti-<br> vastaus<\/h4>\t\t<\/div>\n\t\t\t\t<\/div>\n\t\t\t\t<div class=\"elementor-element elementor-element-7beb844d elementor-widget elementor-widget-heading\" data-id=\"7beb844d\" data-element_type=\"widget\" data-widget_type=\"heading.default\">\n\t\t\t\t<div class=\"elementor-widget-container\">\n\t\t\t<h3 class=\"elementor-heading-title elementor-size-default\">25 \u20ac (sis. alv 24%)<\/h3>\t\t<\/div>\n\t\t\t\t<\/div>\n\t\t\t\t<div class=\"elementor-element elementor-element-16afaf62 elementor-widget elementor-widget-text-editor\" data-id=\"16afaf62\" data-element_type=\"widget\" data-widget_type=\"text-editor.default\">\n\t\t\t\t<div class=\"elementor-widget-container\">\n\t\t\t\t\t\t\t<p>Ostettavissa verkkokaupasta!<\/p>\t\t\t\t\t\t<\/div>\n\t\t\t\t<\/div>\n\t\t\t\t<div class=\"elementor-element elementor-element-3d98bcf1 elementor-widget elementor-widget-button\" data-id=\"3d98bcf1\" data-element_type=\"widget\" data-widget_type=\"button.default\">\n\t\t\t\t<div class=\"elementor-widget-container\">\n\t\t\t\t\t\t\t<div class=\"elementor-button-wrapper\">\n\t\t\t\t\t<a class=\"elementor-button elementor-button-link elementor-size-sm\" href=\"https:\/\/holvi.com\/shop\/charlottaekman\/product\/d283eb1ef3178ac014c146b87b76a42e\/\">\n\t\t\t\t\t\t<span class=\"elementor-button-content-wrapper\">\n\t\t\t\t\t\t\t\t\t<span class=\"elementor-button-text\">OSTA T\u00c4ST\u00c4<\/span>\n\t\t\t\t\t<\/span>\n\t\t\t\t\t<\/a>\n\t\t\t\t<\/div>\n\t\t\t\t\t\t<\/div>\n\t\t\t\t<\/div>\n\t\t\t\t\t<\/div>\n\t\t<\/div>\n\t\t\t\t\t<\/div>\n\t\t<\/section>\n\t\t\t\t<\/div>\n\t\t","protected":false},"excerpt":{"rendered":"<p>Seksuaali-kasvatus Meill\u00e4 kaikilla on oikeus saada monipuolista, kokonaisvaltaista ja oikeaan tietoon perustuvaa seksuaalikasvatusta. Vaikka seksuaalikasvatuksen ajatellaan usein koskevan l\u00e4hinn\u00e4 yl\u00e4kouluik\u00e4isi\u00e4 nuoria, seksuaalisuuden teemat koskettavat meit\u00e4 jokaista aina kehdosta keinutuoliin saakka. Kyse on pitk\u00e4j\u00e4nteisest\u00e4 toiminnasta. Siksi tarjoan seksuaalikasvatusta kaikille ik\u00e4ryhmille sek\u00e4 esimerkiksi sote- ja kasvatusalan ammattilaisille.\u00a0 Olen kouluttautunut seksuaalikasvattajaksi Sexpolla vuonna 2021. Haluan tehd\u00e4 t\u00f6it\u00e4 inklusiivisemman [&hellip;]<\/p>\n","protected":false},"author":1,"featured_media":0,"parent":0,"menu_order":0,"comment_status":"closed","ping_status":"closed","template":"","meta":{"site-sidebar-layout":"no-sidebar","site-content-layout":"page-builder","ast-site-content-layout":"","site-content-style":"default","site-sidebar-style":"default","ast-global-header-display":"","ast-banner-title-visibility":"","ast-main-header-display":"","ast-hfb-above-header-display":"","ast-hfb-below-header-display":"","ast-hfb-mobile-header-display":"","site-post-title":"disabled","ast-breadcrumbs-content":"","ast-featured-img":"disabled","footer-sml-layout":"","theme-transparent-header-meta":"","adv-header-id-meta":"","stick-header-meta":"","header-above-stick-meta":"","header-main-stick-meta":"","header-below-stick-meta":"","astra-migrate-meta-layouts":"default","ast-page-background-enabled":"default","ast-page-background-meta":{"desktop":{"background-color":"","background-image":"","background-repeat":"repeat","background-position":"center center","background-size":"auto","background-attachment":"scroll","background-type":"","background-media":"","overlay-type":"","overlay-color":"","overlay-opacity":"","overlay-gradient":""},"tablet":{"background-color":"","background-image":"","background-repeat":"repeat","background-position":"center center","background-size":"auto","background-attachment":"scroll","background-type":"","background-media":"","overlay-type":"","overlay-color":"","overlay-opacity":"","overlay-gradient":""},"mobile":{"background-color":"","background-image":"","background-repeat":"repeat","background-position":"center center","background-size":"auto","background-attachment":"scroll","background-type":"","background-media":"","overlay-type":"","overlay-color":"","overlay-opacity":"","overlay-gradient":""}},"ast-content-background-meta":{"desktop":{"background-color":"var(--ast-global-color-5)","background-image":"","background-repeat":"repeat","background-position":"center center","background-size":"auto","background-attachment":"scroll","background-type":"","background-media":"","overlay-type":"","overlay-color":"","overlay-opacity":"","overlay-gradient":""},"tablet":{"background-color":"var(--ast-global-color-5)","background-image":"","background-repeat":"repeat","background-position":"center center","background-size":"auto","background-attachment":"scroll","background-type":"","background-media":"","overlay-type":"","overlay-color":"","overlay-opacity":"","overlay-gradient":""},"mobile":{"background-color":"var(--ast-global-color-5)","background-image":"","background-repeat":"repeat","background-position":"center center","background-size":"auto","background-attachment":"scroll","background-type":"","background-media":"","overlay-type":"","overlay-color":"","overlay-opacity":"","overlay-gradient":""}},"footnotes":""},"class_list":["post-693","page","type-page","status-publish","hentry"],"yoast_head":"<!-- This site is optimized with the Yoast SEO plugin v19.3 - https:\/\/yoast.com\/wordpress\/plugins\/seo\/ -->\n<title>Seksuaalikasvatus - Charlotta Ekman<\/title>\n<meta name=\"description\" content=\"Laadukas seksuaalikasvatus kuuluu kaikille. Luentoja, koulutusta ja tuokioita kaikille aina varhaiskasvatuksesta vanhainkotiin.\" \/>\n<meta name=\"robots\" content=\"index, follow, max-snippet:-1, max-image-preview:large, max-video-preview:-1\" \/>\n<link rel=\"canonical\" href=\"https:\/\/charlottaekman.com\/index.php\/seksuaalikasvatus\/\" \/>\n<meta property=\"og:locale\" content=\"fi_FI\" \/>\n<meta property=\"og:type\" content=\"article\" \/>\n<meta property=\"og:title\" content=\"Seksuaalikasvatus - Charlotta Ekman\" \/>\n<meta property=\"og:description\" content=\"Laadukas seksuaalikasvatus kuuluu kaikille. Luentoja, koulutusta ja tuokioita kaikille aina varhaiskasvatuksesta vanhainkotiin.\" \/>\n<meta property=\"og:url\" content=\"https:\/\/charlottaekman.com\/index.php\/seksuaalikasvatus\/\" \/>\n<meta property=\"og:site_name\" content=\"Charlotta Ekman\" \/>\n<meta property=\"article:modified_time\" content=\"2023-10-12T08:48:27+00:00\" \/>\n<meta property=\"og:image\" content=\"https:\/\/charlottaekman.com\/wp-content\/uploads\/2022\/07\/Seksuaalikasvatuksen-osa-alueet-2-1024x576.png\" \/>\n<meta name=\"twitter:card\" content=\"summary_large_image\" \/>\n<meta name=\"twitter:label1\" content=\"Arvioitu lukuaika\" \/>\n\t<meta name=\"twitter:data1\" content=\"2 minuuttia\" \/>\n<script type=\"application\/ld+json\" class=\"yoast-schema-graph\">{\"@context\":\"https:\/\/schema.org\",\"@graph\":[{\"@type\":\"Organization\",\"@id\":\"https:\/\/charlottaekman.com\/#organization\",\"name\":\"Charlotta Ekman\",\"url\":\"https:\/\/charlottaekman.com\/\",\"sameAs\":[],\"logo\":{\"@type\":\"ImageObject\",\"inLanguage\":\"fi\",\"@id\":\"https:\/\/charlottaekman.com\/#\/schema\/logo\/image\/\",\"url\":\"https:\/\/charlottaekman.com\/wp-content\/uploads\/2022\/04\/cropped-Charlotta-Ekman-logo-musta-rgb.png\",\"contentUrl\":\"https:\/\/charlottaekman.com\/wp-content\/uploads\/2022\/04\/cropped-Charlotta-Ekman-logo-musta-rgb.png\",\"width\":561,\"height\":187,\"caption\":\"Charlotta Ekman\"},\"image\":{\"@id\":\"https:\/\/charlottaekman.com\/#\/schema\/logo\/image\/\"}},{\"@type\":\"WebSite\",\"@id\":\"https:\/\/charlottaekman.com\/#website\",\"url\":\"https:\/\/charlottaekman.com\/\",\"name\":\"Charlotta Ekman\",\"description\":\"Seksuaalikasvatuksen ammattilainen\",\"publisher\":{\"@id\":\"https:\/\/charlottaekman.com\/#organization\"},\"potentialAction\":[{\"@type\":\"SearchAction\",\"target\":{\"@type\":\"EntryPoint\",\"urlTemplate\":\"https:\/\/charlottaekman.com\/?s={search_term_string}\"},\"query-input\":\"required name=search_term_string\"}],\"inLanguage\":\"fi\"},{\"@type\":\"ImageObject\",\"inLanguage\":\"fi\",\"@id\":\"https:\/\/charlottaekman.com\/index.php\/seksuaalikasvatus\/#primaryimage\",\"url\":\"https:\/\/charlottaekman.com\/wp-content\/uploads\/2022\/07\/Seksuaalikasvatuksen-osa-alueet-2.png\",\"contentUrl\":\"https:\/\/charlottaekman.com\/wp-content\/uploads\/2022\/07\/Seksuaalikasvatuksen-osa-alueet-2.png\",\"width\":1920,\"height\":1080},{\"@type\":\"WebPage\",\"@id\":\"https:\/\/charlottaekman.com\/index.php\/seksuaalikasvatus\/\",\"url\":\"https:\/\/charlottaekman.com\/index.php\/seksuaalikasvatus\/\",\"name\":\"Seksuaalikasvatus - Charlotta Ekman\",\"isPartOf\":{\"@id\":\"https:\/\/charlottaekman.com\/#website\"},\"primaryImageOfPage\":{\"@id\":\"https:\/\/charlottaekman.com\/index.php\/seksuaalikasvatus\/#primaryimage\"},\"datePublished\":\"2022-05-09T16:35:25+00:00\",\"dateModified\":\"2023-10-12T08:48:27+00:00\",\"description\":\"Laadukas seksuaalikasvatus kuuluu kaikille. Luentoja, koulutusta ja tuokioita kaikille aina varhaiskasvatuksesta vanhainkotiin.\",\"breadcrumb\":{\"@id\":\"https:\/\/charlottaekman.com\/index.php\/seksuaalikasvatus\/#breadcrumb\"},\"inLanguage\":\"fi\",\"potentialAction\":[{\"@type\":\"ReadAction\",\"target\":[\"https:\/\/charlottaekman.com\/index.php\/seksuaalikasvatus\/\"]}]},{\"@type\":\"BreadcrumbList\",\"@id\":\"https:\/\/charlottaekman.com\/index.php\/seksuaalikasvatus\/#breadcrumb\",\"itemListElement\":[{\"@type\":\"ListItem\",\"position\":1,\"name\":\"Etusivu\",\"item\":\"https:\/\/charlottaekman.com\/\"},{\"@type\":\"ListItem\",\"position\":2,\"name\":\"Seksuaalikasvatus\"}]}]}<\/script>\n<!-- \/ Yoast SEO plugin. -->","yoast_head_json":{"title":"Seksuaalikasvatus - Charlotta Ekman","description":"Laadukas seksuaalikasvatus kuuluu kaikille. Luentoja, koulutusta ja tuokioita kaikille aina varhaiskasvatuksesta vanhainkotiin.","robots":{"index":"index","follow":"follow","max-snippet":"max-snippet:-1","max-image-preview":"max-image-preview:large","max-video-preview":"max-video-preview:-1"},"canonical":"https:\/\/charlottaekman.com\/index.php\/seksuaalikasvatus\/","og_locale":"fi_FI","og_type":"article","og_title":"Seksuaalikasvatus - Charlotta Ekman","og_description":"Laadukas seksuaalikasvatus kuuluu kaikille. Luentoja, koulutusta ja tuokioita kaikille aina varhaiskasvatuksesta vanhainkotiin.","og_url":"https:\/\/charlottaekman.com\/index.php\/seksuaalikasvatus\/","og_site_name":"Charlotta Ekman","article_modified_time":"2023-10-12T08:48:27+00:00","og_image":[{"url":"https:\/\/charlottaekman.com\/wp-content\/uploads\/2022\/07\/Seksuaalikasvatuksen-osa-alueet-2-1024x576.png"}],"twitter_card":"summary_large_image","twitter_misc":{"Arvioitu lukuaika":"2 minuuttia"},"schema":{"@context":"https:\/\/schema.org","@graph":[{"@type":"Organization","@id":"https:\/\/charlottaekman.com\/#organization","name":"Charlotta Ekman","url":"https:\/\/charlottaekman.com\/","sameAs":[],"logo":{"@type":"ImageObject","inLanguage":"fi","@id":"https:\/\/charlottaekman.com\/#\/schema\/logo\/image\/","url":"https:\/\/charlottaekman.com\/wp-content\/uploads\/2022\/04\/cropped-Charlotta-Ekman-logo-musta-rgb.png","contentUrl":"https:\/\/charlottaekman.com\/wp-content\/uploads\/2022\/04\/cropped-Charlotta-Ekman-logo-musta-rgb.png","width":561,"height":187,"caption":"Charlotta Ekman"},"image":{"@id":"https:\/\/charlottaekman.com\/#\/schema\/logo\/image\/"}},{"@type":"WebSite","@id":"https:\/\/charlottaekman.com\/#website","url":"https:\/\/charlottaekman.com\/","name":"Charlotta Ekman","description":"Seksuaalikasvatuksen ammattilainen","publisher":{"@id":"https:\/\/charlottaekman.com\/#organization"},"potentialAction":[{"@type":"SearchAction","target":{"@type":"EntryPoint","urlTemplate":"https:\/\/charlottaekman.com\/?s={search_term_string}"},"query-input":"required name=search_term_string"}],"inLanguage":"fi"},{"@type":"ImageObject","inLanguage":"fi","@id":"https:\/\/charlottaekman.com\/index.php\/seksuaalikasvatus\/#primaryimage","url":"https:\/\/charlottaekman.com\/wp-content\/uploads\/2022\/07\/Seksuaalikasvatuksen-osa-alueet-2.png","contentUrl":"https:\/\/charlottaekman.com\/wp-content\/uploads\/2022\/07\/Seksuaalikasvatuksen-osa-alueet-2.png","width":1920,"height":1080},{"@type":"WebPage","@id":"https:\/\/charlottaekman.com\/index.php\/seksuaalikasvatus\/","url":"https:\/\/charlottaekman.com\/index.php\/seksuaalikasvatus\/","name":"Seksuaalikasvatus - Charlotta Ekman","isPartOf":{"@id":"https:\/\/charlottaekman.com\/#website"},"primaryImageOfPage":{"@id":"https:\/\/charlottaekman.com\/index.php\/seksuaalikasvatus\/#primaryimage"},"datePublished":"2022-05-09T16:35:25+00:00","dateModified":"2023-10-12T08:48:27+00:00","description":"Laadukas seksuaalikasvatus kuuluu kaikille. Luentoja, koulutusta ja tuokioita kaikille aina varhaiskasvatuksesta vanhainkotiin.","breadcrumb":{"@id":"https:\/\/charlottaekman.com\/index.php\/seksuaalikasvatus\/#breadcrumb"},"inLanguage":"fi","potentialAction":[{"@type":"ReadAction","target":["https:\/\/charlottaekman.com\/index.php\/seksuaalikasvatus\/"]}]},{"@type":"BreadcrumbList","@id":"https:\/\/charlottaekman.com\/index.php\/seksuaalikasvatus\/#breadcrumb","itemListElement":[{"@type":"ListItem","position":1,"name":"Etusivu","item":"https:\/\/charlottaekman.com\/"},{"@type":"ListItem","position":2,"name":"Seksuaalikasvatus"}]}]}},"_links":{"self":[{"href":"https:\/\/charlottaekman.com\/index.php\/wp-json\/wp\/v2\/pages\/693","targetHints":{"allow":["GET"]}}],"collection":[{"href":"https:\/\/charlottaekman.com\/index.php\/wp-json\/wp\/v2\/pages"}],"about":[{"href":"https:\/\/charlottaekman.com\/index.php\/wp-json\/wp\/v2\/types\/page"}],"author":[{"embeddable":true,"href":"https:\/\/charlottaekman.com\/index.php\/wp-json\/wp\/v2\/users\/1"}],"replies":[{"embeddable":true,"href":"https:\/\/charlottaekman.com\/index.php\/wp-json\/wp\/v2\/comments?post=693"}],"version-history":[{"count":95,"href":"https:\/\/charlottaekman.com\/index.php\/wp-json\/wp\/v2\/pages\/693\/revisions"}],"predecessor-version":[{"id":1517,"href":"https:\/\/charlottaekman.com\/index.php\/wp-json\/wp\/v2\/pages\/693\/revisions\/1517"}],"wp:attachment":[{"href":"https:\/\/charlottaekman.com\/index.php\/wp-json\/wp\/v2\/media?parent=693"}],"curies":[{"name":"wp","href":"https:\/\/api.w.org\/{rel}","templated":true}]}}